{"id":637,"date":"2020-08-31T13:42:27","date_gmt":"2020-08-31T11:42:27","guid":{"rendered":"https:\/\/koelnischesstadtmuseum.hh-vision.de\/?page_id=637"},"modified":"2020-10-17T14:47:19","modified_gmt":"2020-10-17T12:47:19","slug":"e1_12_00","status":"publish","type":"page","link":"https:\/\/koelnischesstadtmuseum.hh-vision.de\/en\/e1_12_00\/","title":{"rendered":"Wandtext OG1 Qual und Erl\u00f6sung"},"content":{"rendered":"<div data-elementor-type=\"wp-page\" data-elementor-id=\"637\" class=\"elementor elementor-637\" data-elementor-settings=\"[]\">\n\t\t\t<div class=\"elementor-inner\">\n\t\t\t\t<div class=\"elementor-section-wrap\">\n\t\t\t\t\t\t\t<section class=\"elementor-element elementor-element-eac2739 elementor-section-stretched elementor-section-full_width popup elementor-section-height-default elementor-section-height-default elementor-section elementor-top-section\" data-id=\"eac2739\" data-element_type=\"section\" data-settings=\"{&quot;stretch_section&quot;:&quot;section-stretched&quot;}\">\n\t\t\t\t\t\t<div class=\"elementor-container elementor-column-gap-no\">\n\t\t\t\t<div class=\"elementor-row\">\n\t\t\t\t<div class=\"elementor-element elementor-element-535918c elementor-column elementor-col-100 elementor-top-column\" data-id=\"535918c\" data-element_type=\"column\">\n\t\t\t<div class=\"elementor-column-wrap  elementor-element-populated\">\n\t\t\t\t\t<div class=\"elementor-widget-wrap\">\n\t\t\t\t<section class=\"elementor-element elementor-element-98504e4 elementor-section-full_width popupheader elementor-section-height-default elementor-section-height-default elementor-section elementor-inner-section\" data-id=\"98504e4\" data-element_type=\"section\" data-settings=\"{&quot;background_background&quot;:&quot;classic&quot;}\">\n\t\t\t\t\t\t<div class=\"elementor-container elementor-column-gap-no\">\n\t\t\t\t<div class=\"elementor-row\">\n\t\t\t\t<div class=\"elementor-element elementor-element-b6b6323 elementor-column elementor-col-100 elementor-inner-column\" data-id=\"b6b6323\" data-element_type=\"column\">\n\t\t\t<div class=\"elementor-column-wrap  elementor-element-populated\">\n\t\t\t\t\t<div class=\"elementor-widget-wrap\">\n\t\t\t\t<div class=\"elementor-element elementor-element-d35f97d elementor-widget elementor-widget-text-editor\" data-id=\"d35f97d\" data-element_type=\"widget\" data-widget_type=\"text-editor.default\">\n\t\t\t\t<div class=\"elementor-widget-container\">\n\t\t\t\t\t<div class=\"elementor-text-editor elementor-clearfix\"><h2>Gallery 12<\/h2><\/div>\n\t\t\t\t<\/div>\n\t\t\t\t<\/div>\n\t\t\t\t<div class=\"elementor-element elementor-element-0a679c9 elementor-widget elementor-widget-text-editor\" data-id=\"0a679c9\" data-element_type=\"widget\" data-widget_type=\"text-editor.default\">\n\t\t\t\t<div class=\"elementor-widget-container\">\n\t\t\t\t\t<div class=\"elementor-text-editor elementor-clearfix\"><\/div>\n\t\t\t\t<\/div>\n\t\t\t\t<\/div>\n\t\t\t\t\t\t<\/div>\n\t\t\t<\/div>\n\t\t<\/div>\n\t\t\t\t\t\t<\/div>\n\t\t\t<\/div>\n\t\t<\/section>\n\t\t\t\t<section class=\"elementor-element elementor-element-e9a1fc0 elementor-section-full_width popupbody elementor-section-height-default elementor-section-height-default elementor-section elementor-inner-section\" data-id=\"e9a1fc0\" data-element_type=\"section\" data-settings=\"{&quot;background_background&quot;:&quot;classic&quot;}\">\n\t\t\t\t\t\t<div class=\"elementor-container elementor-column-gap-extended\">\n\t\t\t\t<div class=\"elementor-row\">\n\t\t\t\t<div class=\"elementor-element elementor-element-60d1979 elementor-column elementor-col-33 elementor-inner-column\" data-id=\"60d1979\" data-element_type=\"column\">\n\t\t\t<div class=\"elementor-column-wrap\">\n\t\t\t\t\t<div class=\"elementor-widget-wrap\">\n\t\t\t\t\t\t<\/div>\n\t\t\t<\/div>\n\t\t<\/div>\n\t\t\t\t<div class=\"elementor-element elementor-element-c248cea elementor-column elementor-col-33 elementor-inner-column\" data-id=\"c248cea\" data-element_type=\"column\">\n\t\t\t<div class=\"elementor-column-wrap  elementor-element-populated\">\n\t\t\t\t\t<div class=\"elementor-widget-wrap\">\n\t\t\t\t<div class=\"elementor-element elementor-element-3039fea elementor-widget elementor-widget-heading\" data-id=\"3039fea\" data-element_type=\"widget\" data-widget_type=\"heading.default\">\n\t\t\t\t<div class=\"elementor-widget-container\">\n\t\t\t<h1 class=\"elementor-heading-title elementor-size-default\">Paint and Release<\/h1>\t\t<\/div>\n\t\t\t\t<\/div>\n\t\t\t\t<div class=\"elementor-element elementor-element-12b3b64 elementor-widget elementor-widget-text-editor\" data-id=\"12b3b64\" data-element_type=\"widget\" data-widget_type=\"text-editor.default\">\n\t\t\t\t<div class=\"elementor-widget-container\">\n\t\t\t\t\t<div class=\"elementor-text-editor elementor-clearfix\"><p>Lochner\u2019s \u201cLast Judgement\u201d (Gallery 6) shows that the promise of resurrection and eternal life clearly had two sides to it: will I go to Heaven, or to Hell? A similar dilemma already marked life in the here and now. Politics, social systems, and above all medicine were not as advanced around 1500 as they are now. As a whole life in Europe was considerably shorter and more dangerous that it is today. How to suffer the blows of fate without losing one\u2019s faith is told in the story of Job in the Bible, which is the subject of a triptych in Gallery 7. And the painting here by D\u00fcrer likewise refers to this biblical text.<\/p><p>The majority of the paintings in this room mirror in one way or another pain and release as two poles of physical, or indeed spiritual life: the birth of Christ as the Son of God brought light to the world, for it was he who first delivered the promise of eternal life. His Passion, beginning with his arrest, is seen as a sacrifice for humankind. Saintly martyrs such as Odilia, Apollina, or Sebastian emulated Christ\u2019s sufferings and in this way gave painful testimony to their faith. For this, as their reward, they entered Paradise. But their tormentors and other sinners were to be damned at the Last Judgement and bound to roast in fire and brimstone.<\/p><p>A very different kind of torment was experienced by St Antony, who retired to the desert as a hermit in order to concentrate on God. With that he was visited by temptations (such as pride and lust), which the painter has depicted as monsters. They make the saint lose his footing in the truest meaning of the world.<\/p><p>Which are your heroes, saints or martyrs?<\/p><\/div>\n\t\t\t\t<\/div>\n\t\t\t\t<\/div>\n\t\t\t\t\t\t<\/div>\n\t\t\t<\/div>\n\t\t<\/div>\n\t\t\t\t<div class=\"elementor-element elementor-element-af99433 mediapanel elementor-column elementor-col-33 elementor-inner-column\" data-id=\"af99433\" data-element_type=\"column\">\n\t\t\t<div class=\"elementor-column-wrap\">\n\t\t\t\t\t<div class=\"elementor-widget-wrap\">\n\t\t\t\t\t\t<\/div>\n\t\t\t<\/div>\n\t\t<\/div>\n\t\t\t\t\t\t<\/div>\n\t\t\t<\/div>\n\t\t<\/section>\n\t\t\t\t\t\t<\/div>\n\t\t\t<\/div>\n\t\t<\/div>\n\t\t\t\t\t\t<\/div>\n\t\t\t<\/div>\n\t\t<\/section>\n\t\t\t\t\t\t<\/div>\n\t\t\t<\/div>\n\t\t<\/div>\n\t\t<div id=\"socialmedialinks\"><a href=\"https:\/\/www.facebook.com\/wallraf.museum\">\n\t\t\t\t\t\t\t<img width=\"30\" height=\"30\" src=\"https:\/\/koelnischesstadtmuseum.hh-vision.de\/wp-content\/uploads\/Icon_Social_fb.png\" class=\"attachment-full size-full\" alt=\"\" loading=\"lazy\" \/>\t\t\t\t\t\t\t\t<\/a><a href=\"https:\/\/www.instagram.com\/wallrafrichartzmuseum\/\">\n\t\t\t\t\t\t\t<img width=\"30\" height=\"30\" src=\"https:\/\/koelnischesstadtmuseum.hh-vision.de\/wp-content\/uploads\/Icon_Social_instagram.png\" class=\"attachment-full size-full\" alt=\"\" loading=\"lazy\" \/>\t\t\t\t\t\t\t\t<\/a><\/div><script><\/script>","protected":false},"excerpt":{"rendered":"<p>Saal 12 Qual und Erl\u00f6sung Lochners \u201eWeltgericht\u201c (Saal 6) zeigt, dass das Versprechen von Auferstehung und ewigem Leben durchaus zwei Seiten hatte: Komme ich in die H\u00f6lle oder in den Himmel? Ein \u00e4hnlicher Zwiespalt pr\u00e4gte schon das Leben im Diesseits. Politik und Sozialsysteme, vor allem auch die Medizin waren um 1500 nicht so weit entwickelt [&hellip;]<\/p>","protected":false},"author":3,"featured_media":0,"parent":0,"menu_order":1,"comment_status":"closed","ping_status":"closed","template":"elementor_header_footer","meta":[],"_links":{"self":[{"href":"https:\/\/koelnischesstadtmuseum.hh-vision.de\/en\/wp-json\/wp\/v2\/pages\/637"}],"collection":[{"href":"https:\/\/koelnischesstadtmuseum.hh-vision.de\/en\/wp-json\/wp\/v2\/pages"}],"about":[{"href":"https:\/\/koelnischesstadtmuseum.hh-vision.de\/en\/wp-json\/wp\/v2\/types\/page"}],"author":[{"embeddable":true,"href":"https:\/\/koelnischesstadtmuseum.hh-vision.de\/en\/wp-json\/wp\/v2\/users\/3"}],"replies":[{"embeddable":true,"href":"https:\/\/koelnischesstadtmuseum.hh-vision.de\/en\/wp-json\/wp\/v2\/comments?post=637"}],"version-history":[{"count":5,"href":"https:\/\/koelnischesstadtmuseum.hh-vision.de\/en\/wp-json\/wp\/v2\/pages\/637\/revisions"}],"predecessor-version":[{"id":932,"href":"https:\/\/koelnischesstadtmuseum.hh-vision.de\/en\/wp-json\/wp\/v2\/pages\/637\/revisions\/932"}],"wp:attachment":[{"href":"https:\/\/koelnischesstadtmuseum.hh-vision.de\/en\/wp-json\/wp\/v2\/media?parent=637"}],"curies":[{"name":"wp","href":"https:\/\/api.w.org\/{rel}","templated":true}]}}