{"id":514,"date":"2020-08-27T13:00:44","date_gmt":"2020-08-27T11:00:44","guid":{"rendered":"https:\/\/koelnischesstadtmuseum.hh-vision.de\/?page_id=514"},"modified":"2020-10-26T13:38:58","modified_gmt":"2020-10-26T12:38:58","slug":"e2_07_00","status":"publish","type":"page","link":"https:\/\/koelnischesstadtmuseum.hh-vision.de\/en\/e2_07_00\/","title":{"rendered":"Wandtext OG2 Poesie der See"},"content":{"rendered":"<div data-elementor-type=\"wp-page\" data-elementor-id=\"514\" class=\"elementor elementor-514\" data-elementor-settings=\"[]\">\n\t\t\t<div class=\"elementor-inner\">\n\t\t\t\t<div class=\"elementor-section-wrap\">\n\t\t\t\t\t\t\t<section class=\"elementor-element elementor-element-eac2739 elementor-section-stretched elementor-section-full_width popup elementor-section-height-default elementor-section-height-default elementor-section elementor-top-section\" data-id=\"eac2739\" data-element_type=\"section\" data-settings=\"{&quot;stretch_section&quot;:&quot;section-stretched&quot;}\">\n\t\t\t\t\t\t<div class=\"elementor-container elementor-column-gap-no\">\n\t\t\t\t<div class=\"elementor-row\">\n\t\t\t\t<div class=\"elementor-element elementor-element-535918c elementor-column elementor-col-100 elementor-top-column\" data-id=\"535918c\" data-element_type=\"column\">\n\t\t\t<div class=\"elementor-column-wrap  elementor-element-populated\">\n\t\t\t\t\t<div class=\"elementor-widget-wrap\">\n\t\t\t\t<section class=\"elementor-element elementor-element-98504e4 elementor-section-full_width popupheader elementor-section-height-default elementor-section-height-default elementor-section elementor-inner-section\" data-id=\"98504e4\" data-element_type=\"section\" data-settings=\"{&quot;background_background&quot;:&quot;classic&quot;}\">\n\t\t\t\t\t\t<div class=\"elementor-container elementor-column-gap-no\">\n\t\t\t\t<div class=\"elementor-row\">\n\t\t\t\t<div class=\"elementor-element elementor-element-b6b6323 elementor-column elementor-col-100 elementor-inner-column\" data-id=\"b6b6323\" data-element_type=\"column\">\n\t\t\t<div class=\"elementor-column-wrap  elementor-element-populated\">\n\t\t\t\t\t<div class=\"elementor-widget-wrap\">\n\t\t\t\t<div class=\"elementor-element elementor-element-d35f97d elementor-widget elementor-widget-text-editor\" data-id=\"d35f97d\" data-element_type=\"widget\" data-widget_type=\"text-editor.default\">\n\t\t\t\t<div class=\"elementor-widget-container\">\n\t\t\t\t\t<div class=\"elementor-text-editor elementor-clearfix\"><h2>Gallery 7<\/h2><\/div>\n\t\t\t\t<\/div>\n\t\t\t\t<\/div>\n\t\t\t\t<div class=\"elementor-element elementor-element-0a679c9 elementor-widget elementor-widget-text-editor\" data-id=\"0a679c9\" data-element_type=\"widget\" data-widget_type=\"text-editor.default\">\n\t\t\t\t<div class=\"elementor-widget-container\">\n\t\t\t\t\t<div class=\"elementor-text-editor elementor-clearfix\"><p>Window onto the Baroque (temporary collection presentation)<\/p><\/div>\n\t\t\t\t<\/div>\n\t\t\t\t<\/div>\n\t\t\t\t\t\t<\/div>\n\t\t\t<\/div>\n\t\t<\/div>\n\t\t\t\t\t\t<\/div>\n\t\t\t<\/div>\n\t\t<\/section>\n\t\t\t\t<section class=\"elementor-element elementor-element-e9a1fc0 elementor-section-full_width popupbody elementor-section-height-default elementor-section-height-default elementor-section elementor-inner-section\" data-id=\"e9a1fc0\" data-element_type=\"section\" data-settings=\"{&quot;background_background&quot;:&quot;classic&quot;}\">\n\t\t\t\t\t\t<div class=\"elementor-container elementor-column-gap-extended\">\n\t\t\t\t<div class=\"elementor-row\">\n\t\t\t\t<div class=\"elementor-element elementor-element-60d1979 elementor-column elementor-col-33 elementor-inner-column\" data-id=\"60d1979\" data-element_type=\"column\">\n\t\t\t<div class=\"elementor-column-wrap\">\n\t\t\t\t\t<div class=\"elementor-widget-wrap\">\n\t\t\t\t\t\t<\/div>\n\t\t\t<\/div>\n\t\t<\/div>\n\t\t\t\t<div class=\"elementor-element elementor-element-c248cea elementor-column elementor-col-33 elementor-inner-column\" data-id=\"c248cea\" data-element_type=\"column\">\n\t\t\t<div class=\"elementor-column-wrap  elementor-element-populated\">\n\t\t\t\t\t<div class=\"elementor-widget-wrap\">\n\t\t\t\t<div class=\"elementor-element elementor-element-3039fea elementor-widget elementor-widget-heading\" data-id=\"3039fea\" data-element_type=\"widget\" data-widget_type=\"heading.default\">\n\t\t\t\t<div class=\"elementor-widget-container\">\n\t\t\t<h1 class=\"elementor-heading-title elementor-size-default\">Poetry of the Sea<br>21.05.2020-28.02.2021<\/h1>\t\t<\/div>\n\t\t\t\t<\/div>\n\t\t\t\t<div class=\"elementor-element elementor-element-12b3b64 elementor-widget elementor-widget-text-editor\" data-id=\"12b3b64\" data-element_type=\"widget\" data-widget_type=\"text-editor.default\">\n\t\t\t\t<div class=\"elementor-widget-container\">\n\t\t\t\t\t<div class=\"elementor-text-editor elementor-clearfix\"><p>In the 17th century, wind and water were the lifeblood of the Netherlands. Large merchant ships traversed the oceans. Loaded with goods and slaves from the colonies, they brought vast wealth to the young republic whose dominance was secured by a powerful navy. The rivers and canals teemed with barges and ferries. Fishing provided food and income. Lakes were drained to create pasture land and much-needed space to house the steadily growing population. Dams, dikes and water pumps powered by windmills protected the country from waves and storms.<\/p><p>Art and culture reflected the pride in these successes, as well as an awareness of the dangers of the natural forces. The maritime world was the subject of countless books, poems, nautical maps, prints and paintings aimed to instruct, entertain or moralise.<\/p><p>Within the baroque concept of the transience of earthly joys, seafaring was a symbol of life\u2019s journey and the vicissitudes of fortune. Waves symbolised certain emotional states, so for example a stormy sea represented the pangs of love.<\/p><p>Unlike traditional seafaring nations such as England or Spain, in the Netherlands marine painting flourished early. Its stylistic devices \u2013 the low horizon, colours muted by the salty sea air and the broad view of the water \u2013 revolutionised landscape art. Numerous artists specialised in the marine genre. They devoted themselves to the fairytale exoticism of distant shores, as well as the familiar polders and ports of the Netherlands. They captured waves, clouds and ships with great naturalism. But in the motifs and compositions they reveal artistic imagination and poetic mise-en-sc\u00e8ne. Displayed here for the first time, the seascapes from a private collection in Cologne give a rich insight into this \"invented reality\".<\/p><p>The model of a Dutch two-decker  from 1660\/70 (Maritiem Museum Rotterdam) and the illustrated history of seafaring in verse, written by Elias Herckmans in 1634 (Wallraf-Richartz-Museum &amp; Fondation Corboud),  complement the exhibition.<\/p><\/div>\n\t\t\t\t<\/div>\n\t\t\t\t<\/div>\n\t\t\t\t\t\t<\/div>\n\t\t\t<\/div>\n\t\t<\/div>\n\t\t\t\t<div class=\"elementor-element elementor-element-af99433 mediapanel elementor-column elementor-col-33 elementor-inner-column\" data-id=\"af99433\" data-element_type=\"column\">\n\t\t\t<div class=\"elementor-column-wrap\">\n\t\t\t\t\t<div class=\"elementor-widget-wrap\">\n\t\t\t\t\t\t<\/div>\n\t\t\t<\/div>\n\t\t<\/div>\n\t\t\t\t\t\t<\/div>\n\t\t\t<\/div>\n\t\t<\/section>\n\t\t\t\t\t\t<\/div>\n\t\t\t<\/div>\n\t\t<\/div>\n\t\t\t\t\t\t<\/div>\n\t\t\t<\/div>\n\t\t<\/section>\n\t\t\t\t\t\t<\/div>\n\t\t\t<\/div>\n\t\t<\/div>\n\t\t<div id=\"socialmedialinks\"><a href=\"https:\/\/www.facebook.com\/wallraf.museum\">\n\t\t\t\t\t\t\t<img width=\"30\" height=\"30\" src=\"https:\/\/koelnischesstadtmuseum.hh-vision.de\/wp-content\/uploads\/Icon_Social_fb.png\" class=\"attachment-full size-full\" alt=\"\" loading=\"lazy\" \/>\t\t\t\t\t\t\t\t<\/a><a href=\"https:\/\/www.instagram.com\/wallrafrichartzmuseum\/\">\n\t\t\t\t\t\t\t<img width=\"30\" height=\"30\" src=\"https:\/\/koelnischesstadtmuseum.hh-vision.de\/wp-content\/uploads\/Icon_Social_instagram.png\" class=\"attachment-full size-full\" alt=\"\" loading=\"lazy\" \/>\t\t\t\t\t\t\t\t<\/a><\/div><script><\/script>","protected":false},"excerpt":{"rendered":"<p>Saal 7 Fenster zum Barock (wechselnde Sammlungspr\u00e4sentation) Poesie der See21.05.2020-28.02.2021 Wind und Wasser waren das Lebenselixier der Niederlande im 17. Jahrhundert. Gro\u00dfe Handelsschiffe kreuzten auf den Ozeanen. Beladen mit Kolonialwaren und Sklaven sp\u00fclten sie unermesslichen Reichtum in die junge Republik. Eine m\u00e4chtige Kriegsflotte sicherte die Vorherrschaft. Lastenk\u00e4hne und F\u00e4hrboote bev\u00f6lkerten Fl\u00fcsse und Kan\u00e4le. Der Fischfang [&hellip;]<\/p>","protected":false},"author":3,"featured_media":0,"parent":0,"menu_order":1,"comment_status":"closed","ping_status":"closed","template":"elementor_header_footer","meta":[],"_links":{"self":[{"href":"https:\/\/koelnischesstadtmuseum.hh-vision.de\/en\/wp-json\/wp\/v2\/pages\/514"}],"collection":[{"href":"https:\/\/koelnischesstadtmuseum.hh-vision.de\/en\/wp-json\/wp\/v2\/pages"}],"about":[{"href":"https:\/\/koelnischesstadtmuseum.hh-vision.de\/en\/wp-json\/wp\/v2\/types\/page"}],"author":[{"embeddable":true,"href":"https:\/\/koelnischesstadtmuseum.hh-vision.de\/en\/wp-json\/wp\/v2\/users\/3"}],"replies":[{"embeddable":true,"href":"https:\/\/koelnischesstadtmuseum.hh-vision.de\/en\/wp-json\/wp\/v2\/comments?post=514"}],"version-history":[{"count":10,"href":"https:\/\/koelnischesstadtmuseum.hh-vision.de\/en\/wp-json\/wp\/v2\/pages\/514\/revisions"}],"predecessor-version":[{"id":1006,"href":"https:\/\/koelnischesstadtmuseum.hh-vision.de\/en\/wp-json\/wp\/v2\/pages\/514\/revisions\/1006"}],"wp:attachment":[{"href":"https:\/\/koelnischesstadtmuseum.hh-vision.de\/en\/wp-json\/wp\/v2\/media?parent=514"}],"curies":[{"name":"wp","href":"https:\/\/api.w.org\/{rel}","templated":true}]}}